{"id":57,"date":"2020-03-18T20:06:55","date_gmt":"2020-03-18T20:06:55","guid":{"rendered":"https:\/\/bmusicfinland.com\/?page_id=57"},"modified":"2024-02-09T14:49:38","modified_gmt":"2024-02-09T12:49:38","slug":"home","status":"publish","type":"page","link":"https:\/\/bmusicfinland.com\/en\/","title":{"rendered":"Front page"},"content":{"rendered":"<p>[et_pb_section fb_built=&#8221;1&#8243; fullwidth=&#8221;on&#8221; _builder_version=&#8221;4.16&#8243; bottom_divider_style=&#8221;slant&#8221; bottom_divider_color=&#8221;#efefef&#8221; global_colors_info=&#8221;{}&#8221;][et_pb_fullwidth_slider show_arrows=&#8221;off&#8221; show_pagination=&#8221;off&#8221; arrows_custom_color=&#8221;rgba(0,0,0,0)&#8221; dot_nav_custom_color=&#8221;rgba(0,0,0,0)&#8221; _builder_version=&#8221;4.24.0&#8243; body_line_height=&#8221;1em&#8221; background_color=&#8221;#ffffff&#8221; custom_padding=&#8221;400px||||false|false&#8221; custom_padding_tablet=&#8221;500px||150px||false|false&#8221; custom_padding_phone=&#8221;300px||200px||false|false&#8221; custom_padding_last_edited=&#8221;on|tablet&#8221; auto=&#8221;on&#8221; auto_speed=&#8221;4000&#8243; auto_ignore_hover=&#8221;on&#8221; custom_css_slide_description=&#8221;animation-name: none;&#8221; global_colors_info=&#8221;{}&#8221;][et_pb_slide _builder_version=&#8221;4.24.0&#8243; header_font=&#8221;|600|||||||&#8221; header_font_size=&#8221;30px&#8221; body_font_size=&#8221;30px&#8221; background_color=&#8221;#ffffff&#8221; background_enable_color=&#8221;on&#8221; background_image=&#8221;https:\/\/bmusicfinland.com\/wp-content\/uploads\/2024\/02\/ArtX-logo-txt-black.png&#8221; background_enable_image=&#8221;on&#8221; background_size=&#8221;initial&#8221; background_last_edited=&#8221;on|phone&#8221; background_size_phone=&#8221;contain&#8221; header_text_shadow_style=&#8221;preset1&#8243; header_text_shadow_color=&#8221;rgba(0,0,0,0.7)&#8221; body_text_shadow_style=&#8221;preset1&#8243; body_text_shadow_color=&#8221;rgba(0,0,0,0.71)&#8221; global_colors_info=&#8221;{}&#8221; sticky_transition=&#8221;on&#8221;]<\/p>\n<p>&nbsp;<\/p>\n<p>&nbsp;<\/p>\n<p>&nbsp;<\/p>\n<p>[\/et_pb_slide][et_pb_slide _builder_version=&#8221;4.24.0&#8243; header_font=&#8221;|600|||||||&#8221; header_font_size=&#8221;30px&#8221; body_font_size=&#8221;30px&#8221; background_color=&#8221;#ffffff&#8221; background_enable_color=&#8221;on&#8221; background_image=&#8221;https:\/\/bmusicfinland.com\/wp-content\/uploads\/2024\/02\/lingonperry-small.png&#8221; background_enable_image=&#8221;on&#8221; background_size=&#8221;initial&#8221; background_last_edited=&#8221;on|phone&#8221; background_size_phone=&#8221;contain&#8221; header_text_shadow_style=&#8221;preset1&#8243; header_text_shadow_color=&#8221;rgba(0,0,0,0.7)&#8221; body_text_shadow_style=&#8221;preset1&#8243; body_text_shadow_color=&#8221;rgba(0,0,0,0.71)&#8221; global_colors_info=&#8221;{}&#8221; sticky_transition=&#8221;on&#8221;][\/et_pb_slide][et_pb_slide _builder_version=&#8221;4.24.0&#8243; header_font=&#8221;|600|||||||&#8221; header_font_size=&#8221;30px&#8221; body_font_size=&#8221;30px&#8221; background_color=&#8221;#ffffff&#8221; background_enable_color=&#8221;on&#8221; background_image=&#8221;https:\/\/bmusicfinland.com\/wp-content\/uploads\/2024\/02\/bluescreen_logo_blue_color-3.png&#8221; background_enable_image=&#8221;on&#8221; background_size=&#8221;initial&#8221; background_last_edited=&#8221;on|phone&#8221; background_size_phone=&#8221;contain&#8221; header_text_shadow_style=&#8221;preset1&#8243; header_text_shadow_color=&#8221;rgba(0,0,0,0.7)&#8221; body_text_shadow_style=&#8221;preset1&#8243; body_text_shadow_color=&#8221;rgba(0,0,0,0.71)&#8221; global_colors_info=&#8221;{}&#8221; sticky_transition=&#8221;on&#8221;]&nbsp;<\/p>\n<p>&nbsp;<br \/>\n[\/et_pb_slide][et_pb_slide _builder_version=&#8221;4.24.0&#8243; header_font=&#8221;|600|||||||&#8221; header_font_size=&#8221;30px&#8221; body_font_size=&#8221;30px&#8221; background_color=&#8221;#ffffff&#8221; background_enable_color=&#8221;on&#8221; background_image=&#8221;https:\/\/bmusicfinland.com\/wp-content\/uploads\/2024\/02\/RadioInto_blk_slogan-1-1.png&#8221; background_enable_image=&#8221;on&#8221; background_size=&#8221;initial&#8221; background_last_edited=&#8221;on|phone&#8221; background_size_phone=&#8221;contain&#8221; header_text_shadow_style=&#8221;preset1&#8243; header_text_shadow_color=&#8221;rgba(0,0,0,0.7)&#8221; body_text_shadow_style=&#8221;preset1&#8243; body_text_shadow_color=&#8221;rgba(0,0,0,0.71)&#8221; global_colors_info=&#8221;{}&#8221; sticky_transition=&#8221;on&#8221;][\/et_pb_slide][et_pb_slide _builder_version=&#8221;4.24.0&#8243; _module_preset=&#8221;default&#8221; background_image=&#8221;https:\/\/bmusicfinland.com\/wp-content\/uploads\/2024\/02\/cropped-Alba-logo_PUN_TP_valkoinen-pohja.gif&#8221; background_enable_image=&#8221;on&#8221; background_size=&#8221;initial&#8221; background_last_edited=&#8221;on|phone&#8221; background_size_phone=&#8221;contain&#8221; global_colors_info=&#8221;{}&#8221; sticky_transition=&#8221;on&#8221;][\/et_pb_slide][\/et_pb_fullwidth_slider][et_pb_fullwidth_image _builder_version=&#8221;4.16&#8243; global_colors_info=&#8221;{}&#8221;][\/et_pb_fullwidth_image][\/et_pb_section][et_pb_section fb_built=&#8221;1&#8243; next_background_color=&#8221;#ffffff&#8221; _builder_version=&#8221;4.16&#8243; background_color=&#8221;#efefef&#8221; custom_margin=&#8221;0px||||false|false&#8221; custom_padding=&#8221;0px||||false|false&#8221; bottom_divider_style=&#8221;slant&#8221; global_colors_info=&#8221;{}&#8221;][et_pb_row custom_padding_last_edited=&#8221;on|phone&#8221; _builder_version=&#8221;4.16&#8243; custom_margin=&#8221;||30px||false|false&#8221; custom_padding=&#8221;|150px||150px|false|false&#8221; custom_padding_tablet=&#8221;|0px||0px|false|false&#8221; custom_padding_phone=&#8221;|0px||0px|false|false&#8221; global_colors_info=&#8221;{}&#8221; custom_padding__hover_enabled=&#8221;on|desktop&#8221; custom_padding__hover=&#8221;|150px||150px|false|false&#8221;][et_pb_column type=&#8221;4_4&#8243; _builder_version=&#8221;4.16&#8243; global_colors_info=&#8221;{}&#8221;][et_pb_text _builder_version=&#8221;4.24.0&#8243; text_font=&#8221;|600|||||||&#8221; text_font_size=&#8221;18px&#8221; custom_margin=&#8221;||0px||false|false&#8221; custom_padding=&#8221;||10px||false|false&#8221; global_colors_info=&#8221;{}&#8221;]KONSULTOINTIA LAAJA-ALAISESTI TAPAHTUMA-ALALLA JA SEN YMP\u00c4RILL\u00c4<br \/>\n[\/et_pb_text][et_pb_text _builder_version=&#8221;4.24.0&#8243; text_font=&#8221;||||||||&#8221; custom_padding=&#8221;||||false|false&#8221; link_option_url_new_window=&#8221;on&#8221; global_colors_info=&#8221;{}&#8221;]<span style=\"font-size: 14px;\">BMusic offers expert consulting in the fields of music, entertainment and event organization discreetly and professionally. I will help you develop and enhance your business by finding you suitable collaboration partners and widen your networks in your home country as well as internationally. <\/span>My fields of expertise include e.g.<\/p>\n<ul>\n<li>Networking<\/li>\n<li>Collaboration models<\/li>\n<li>Leadership<\/li>\n<li>Strategies<\/li>\n<\/ul>\n<p>I collaborate, among others, with the following:<\/p>\n<ul>\n<li><a href=\"https:\/\/artxperience.net\" target=\"_blank\" rel=\"noopener\">ArtXperience<\/a><\/li>\n<li><a href=\"https:\/\/lingonperry.com\" target=\"_blank\" rel=\"noopener\">Lingonperry<\/a><\/li>\n<li><a href=\"https:\/\/bluescreen404.fi\/\" target=\"_blank\" rel=\"noopener\">Blue Screen 404<\/a><\/li>\n<li><a href=\"https:\/\/alba.fi\/\" target=\"_blank\" rel=\"noopener\">Alba Records<\/a><\/li>\n<li><a href=\"http:\/\/eclipsemusicdigital.com\/\" target=\"_blank\" rel=\"noopener\">Eclipse Music<\/a><\/li>\n<li><a href=\"https:\/\/radiointo.fi\/\" target=\"_blank\" rel=\"noopener\">Radio Into<\/a><\/li>\n<\/ul>\n<p><span style=\"font-size: 14px;\">I serve my clients both offline and online. I can be reached by phone or via the internet. My contact details are at the bottom of this page. I can also be left a contact request via the contact form.<\/span><\/p>\n<p><strong>Petri M\u00e4kiharju<\/strong>,<\/p>\n<p><strong>BMusic Finland<\/strong><br \/>\n[\/et_pb_text][et_pb_image src=&#8221;https:\/\/bmusicfinland.com\/wp-content\/uploads\/2021\/04\/petri-189-fix-1-scaled.jpg&#8221; title_text=&#8221;petri-189-fix (1)&#8221; _builder_version=&#8221;4.24.0&#8243; _module_preset=&#8221;default&#8221; global_colors_info=&#8221;{}&#8221;][\/et_pb_image][et_pb_text module_id=&#8221;contact&#8221; _builder_version=&#8221;4.24.0&#8243; text_font=&#8221;||||||||&#8221; text_font_size=&#8221;27px&#8221; custom_margin=&#8221;||9px||false|false&#8221; custom_padding=&#8221;||10px||false|false&#8221; global_colors_info=&#8221;{}&#8221;]<\/p>\n<p style=\"text-align: center;\">Contact me<\/p>\n<p>[\/et_pb_text][et_pb_contact_form captcha=&#8221;off&#8221; email=&#8221;info@bmusicfinland.com&#8221; _builder_version=&#8221;4.24.0&#8243; _module_preset=&#8221;default&#8221; _unique_id=&#8221;a87cb17a-1aae-497e-b366-816eeb60d769&#8243; global_colors_info=&#8221;{}&#8221;][et_pb_contact_field field_id=&#8221;Name&#8221; field_title=&#8221;Nimi&#8221; _builder_version=&#8221;4.24.0&#8243; border_width_all=&#8221;2px&#8221; border_color_all=&#8221;RGBA(0,0,0,0.4)&#8221; global_colors_info=&#8221;{}&#8221; button_text_size__hover_enabled=&#8221;off&#8221; button_one_text_size__hover_enabled=&#8221;off&#8221; button_two_text_size__hover_enabled=&#8221;off&#8221; button_text_color__hover_enabled=&#8221;off&#8221; button_one_text_color__hover_enabled=&#8221;off&#8221; button_two_text_color__hover_enabled=&#8221;off&#8221; button_border_width__hover_enabled=&#8221;off&#8221; button_one_border_width__hover_enabled=&#8221;off&#8221; button_two_border_width__hover_enabled=&#8221;off&#8221; button_border_color__hover_enabled=&#8221;off&#8221; button_one_border_color__hover_enabled=&#8221;off&#8221; button_two_border_color__hover_enabled=&#8221;off&#8221; button_border_radius__hover_enabled=&#8221;off&#8221; button_one_border_radius__hover_enabled=&#8221;off&#8221; button_two_border_radius__hover_enabled=&#8221;off&#8221; button_letter_spacing__hover_enabled=&#8221;off&#8221; button_one_letter_spacing__hover_enabled=&#8221;off&#8221; button_two_letter_spacing__hover_enabled=&#8221;off&#8221; button_bg_color__hover_enabled=&#8221;off&#8221; button_one_bg_color__hover_enabled=&#8221;off&#8221; button_two_bg_color__hover_enabled=&#8221;off&#8221;][\/et_pb_contact_field][et_pb_contact_field field_id=&#8221;Email&#8221; field_title=&#8221;S\u00e4hk\u00f6postiosoite&#8221; field_type=&#8221;email&#8221; _builder_version=&#8221;4.24.0&#8243; border_width_all=&#8221;2px&#8221; border_color_all=&#8221;RGBA(0,0,0,0.4)&#8221; global_colors_info=&#8221;{}&#8221; button_text_size__hover_enabled=&#8221;off&#8221; button_one_text_size__hover_enabled=&#8221;off&#8221; button_two_text_size__hover_enabled=&#8221;off&#8221; button_text_color__hover_enabled=&#8221;off&#8221; button_one_text_color__hover_enabled=&#8221;off&#8221; button_two_text_color__hover_enabled=&#8221;off&#8221; button_border_width__hover_enabled=&#8221;off&#8221; button_one_border_width__hover_enabled=&#8221;off&#8221; button_two_border_width__hover_enabled=&#8221;off&#8221; button_border_color__hover_enabled=&#8221;off&#8221; button_one_border_color__hover_enabled=&#8221;off&#8221; button_two_border_color__hover_enabled=&#8221;off&#8221; button_border_radius__hover_enabled=&#8221;off&#8221; button_one_border_radius__hover_enabled=&#8221;off&#8221; button_two_border_radius__hover_enabled=&#8221;off&#8221; button_letter_spacing__hover_enabled=&#8221;off&#8221; button_one_letter_spacing__hover_enabled=&#8221;off&#8221; button_two_letter_spacing__hover_enabled=&#8221;off&#8221; button_bg_color__hover_enabled=&#8221;off&#8221; button_one_bg_color__hover_enabled=&#8221;off&#8221; button_two_bg_color__hover_enabled=&#8221;off&#8221;][\/et_pb_contact_field][et_pb_contact_field field_id=&#8221;Topic&#8221; field_title=&#8221;Aihe&#8221; fullwidth_field=&#8221;on&#8221; _builder_version=&#8221;4.24.0&#8243; _module_preset=&#8221;default&#8221; border_width_all=&#8221;2px&#8221; border_color_all=&#8221;RGBA(0,0,0,0.4)&#8221; global_colors_info=&#8221;{}&#8221;][\/et_pb_contact_field][et_pb_contact_field field_id=&#8221;Message&#8221; field_title=&#8221;Viesti&#8221; field_type=&#8221;text&#8221; fullwidth_field=&#8221;on&#8221; _builder_version=&#8221;4.24.0&#8243; border_width_all=&#8221;2px&#8221; border_color_all=&#8221;RGBA(0,0,0,0.4)&#8221; global_colors_info=&#8221;{}&#8221; button_text_size__hover_enabled=&#8221;off&#8221; button_one_text_size__hover_enabled=&#8221;off&#8221; button_two_text_size__hover_enabled=&#8221;off&#8221; button_text_color__hover_enabled=&#8221;off&#8221; button_one_text_color__hover_enabled=&#8221;off&#8221; button_two_text_color__hover_enabled=&#8221;off&#8221; button_border_width__hover_enabled=&#8221;off&#8221; button_one_border_width__hover_enabled=&#8221;off&#8221; button_two_border_width__hover_enabled=&#8221;off&#8221; button_border_color__hover_enabled=&#8221;off&#8221; button_one_border_color__hover_enabled=&#8221;off&#8221; button_two_border_color__hover_enabled=&#8221;off&#8221; button_border_radius__hover_enabled=&#8221;off&#8221; button_one_border_radius__hover_enabled=&#8221;off&#8221; button_two_border_radius__hover_enabled=&#8221;off&#8221; button_letter_spacing__hover_enabled=&#8221;off&#8221; button_one_letter_spacing__hover_enabled=&#8221;off&#8221; button_two_letter_spacing__hover_enabled=&#8221;off&#8221; button_bg_color__hover_enabled=&#8221;off&#8221; button_one_bg_color__hover_enabled=&#8221;off&#8221; button_two_bg_color__hover_enabled=&#8221;off&#8221;][\/et_pb_contact_field][\/et_pb_contact_form][et_pb_text _builder_version=&#8221;4.24.0&#8243; text_font=&#8221;||||||||&#8221; custom_margin=&#8221;||5px||false|false&#8221; custom_padding=&#8221;||5px||false|false&#8221; global_colors_info=&#8221;{}&#8221;]<\/p>\n<p style=\"text-align: left;\"><b>PETRI M\u00c4KIHARJU<\/b><\/p>\n<p>[\/et_pb_text][et_pb_text _builder_version=&#8221;4.24.0&#8243; text_font=&#8221;||||||||&#8221; custom_padding=&#8221;||||false|false&#8221; global_colors_info=&#8221;{}&#8221;]+358 (0) 405448855<br \/>\ninfo@bmusicfinland.com<br \/>\n[\/et_pb_text][et_pb_icon font_icon=&#8221;&#xe0cb;||divi||400&#8243; icon_color=&#8221;#000000&#8243; icon_width=&#8221;31px&#8221; url=&#8221;https:\/\/www.linkedin.com\/in\/petrimakiharju&#8221; align=&#8221;left&#8221; _builder_version=&#8221;4.24.0&#8243; _module_preset=&#8221;default&#8221; global_colors_info=&#8221;{}&#8221;][\/et_pb_icon][\/et_pb_column][\/et_pb_row][\/et_pb_section]<\/p>","protected":false},"excerpt":{"rendered":"<p>&nbsp; &nbsp; &nbsp;&nbsp; &nbsp; KONSULTOINTIA LAAJA-ALAISESTI TAPAHTUMA-ALALLA JA SEN YMP\u00c4RILL\u00c4 BMusic tarjoaa asiantuntevaa musiikki-, viihde- ja tapahtuma-alan konsultointia luotettavasti ja ammattitaidolla. Autan teit\u00e4 kehitt\u00e4m\u00e4\u00e4n ja tehostamaan toimintaanne etsim\u00e4ll\u00e4 teille sopivat yhteisty\u00f6kumppanit ja laajentamaan verkostojanne niin kuin kotimaassa kuin kansainv\u00e4lisestikin. Osaamisalueisiini kuuluvat mm. verkostoituminen yhteisty\u00f6mallit johtaminen strategiat. Toimin yhteisty\u00f6ss\u00e4 mm. seuraavien tahojen kanssa: ArtXperience Lingonperry Blue [&hellip;]<\/p>","protected":false},"author":1,"featured_media":0,"parent":0,"menu_order":0,"comment_status":"closed","ping_status":"closed","template":"","meta":{"_et_pb_use_builder":"on","_et_pb_old_content":"","_et_gb_content_width":"","footnotes":""},"_links":{"self":[{"href":"https:\/\/bmusicfinland.com\/en\/wp-json\/wp\/v2\/pages\/57"}],"collection":[{"href":"https:\/\/bmusicfinland.com\/en\/wp-json\/wp\/v2\/pages"}],"about":[{"href":"https:\/\/bmusicfinland.com\/en\/wp-json\/wp\/v2\/types\/page"}],"author":[{"embeddable":true,"href":"https:\/\/bmusicfinland.com\/en\/wp-json\/wp\/v2\/users\/1"}],"replies":[{"embeddable":true,"href":"https:\/\/bmusicfinland.com\/en\/wp-json\/wp\/v2\/comments?post=57"}],"version-history":[{"count":176,"href":"https:\/\/bmusicfinland.com\/en\/wp-json\/wp\/v2\/pages\/57\/revisions"}],"predecessor-version":[{"id":3480,"href":"https:\/\/bmusicfinland.com\/en\/wp-json\/wp\/v2\/pages\/57\/revisions\/3480"}],"wp:attachment":[{"href":"https:\/\/bmusicfinland.com\/en\/wp-json\/wp\/v2\/media?parent=57"}],"curies":[{"name":"wp","href":"https:\/\/api.w.org\/{rel}","templated":true}]}}